{"id":18,"date":"2013-01-21T16:45:33","date_gmt":"2013-01-21T14:45:33","guid":{"rendered":"http:\/\/steuerberater-kw.de\/?page_id=18"},"modified":"2025-05-14T15:51:54","modified_gmt":"2025-05-14T13:51:54","slug":"startseite","status":"publish","type":"page","link":"https:\/\/steuerberater-kw.de\/","title":{"rendered":"Startseite"},"content":{"rendered":"<p><!--StartFragment -->Moin\u2026<\/p>\n<p>\u2026 und herzlich Willkommen auf den Internetseiten der Steuerberatungsgesellschaft Korporal &amp; Wolf. Wir freuen uns \u00fcber Ihr Interesse an unserer Kanzlei.<\/p>\n<p>Unsere Steuerkanzlei ist in Ostfriesland, aber auch \u00fcberregional f\u00fcr Sie t\u00e4tig. Wir verstehen uns als unabh\u00e4ngige Berater in steuerlichen Fragen. Ein Schwerpunkt unserer Arbeit liegt in der steuerlichen Beratung landwirtschaftlicher Betriebe. Durch die Ablegung der erforderlichen Pr\u00fcfung d\u00fcrfen wir uns dementsprechend seit Herbst 2010 als <em>\u201eLandwirtschaftliche Buchstelle\u201c<\/em> bezeichnen. Unser Kerngesch\u00e4ft umfasst dar\u00fcber hinaus aber auch die steuerliche Beratung von Privatpersonen, kleiner und mittelst\u00e4ndiger Unternehmen, Handwerksbetriebe und Freiberufler s\u00e4mtlicher Rechtsformen.<\/p>\n<p>Unser Ziel ist stets, Ihre Interessen bestm\u00f6glich zu vertreten und Ihren wirtschaftlichen Erfolg zu f\u00f6rdern und zu sichern.<\/p>\n<p>Die Information auf unserer Internetseite soll Ihnen einen ersten Einblick \u00fcber unser Leistungsangebot, das Team und unsere Vorstellungen, wie wir unser Wissen mit Engagement gewinnbringend f\u00fcr Sie einsetzen k\u00f6nnen, geben. Bei weiteren Fragen, setzen Sie sich gerne f\u00fcr ein pers\u00f6nliches Gespr\u00e4ch mit uns in Verbindung.<\/p>\n<p>&nbsp;<\/p>\n<p>Stefan Korporal\u00a0\u00a0\u00a0\u00a0\u00a0\u00a0\u00a0\u00a0\u00a0\u00a0\u00a0\u00a0\u00a0\u00a0\u00a0\u00a0\u00a0 \u00a0\u00a0 \u00a0\u00a0\u00a0\u00a0\u00a0\u00a0\u00a0\u00a0\u00a0 \u00a0\u00a0\u00a0\u00a0\u00a0\u00a0\u00a0\u00a0\u00a0\u00a0\u00a0 Christian Wolf Steuerberater\u00a0\u00a0\u00a0\u00a0\u00a0\u00a0\u00a0\u00a0\u00a0\u00a0\u00a0\u00a0\u00a0\u00a0\u00a0\u00a0\u00a0\u00a0\u00a0\u00a0\u00a0\u00a0\u00a0\u00a0\u00a0\u00a0\u00a0\u00a0\u00a0\u00a0\u00a0\u00a0\u00a0\u00a0\u00a0\u00a0\u00a0\u00a0\u00a0\u00a0\u00a0\u00a0\u00a0\u00a0\u00a0 Diplom-Kaufmann und Steuerberater<\/p>\n","protected":false},"excerpt":{"rendered":"<p>Moin\u2026 \u2026 und herzlich Willkommen auf den Internetseiten der Steuerberatungsgesellschaft Korporal &amp; Wolf. Wir freuen uns \u00fcber Ihr Interesse an unserer Kanzlei. Unsere Steuerkanzlei ist in Ostfriesland, aber auch \u00fcberregional f\u00fcr Sie t\u00e4tig. Wir verstehen uns als unabh\u00e4ngige Berater in steuerlichen Fragen. Ein Schwerpunkt unserer Arbeit liegt in der steuerlichen&#8230; <a class=\"continue-reading-link\" href=\"https:\/\/steuerberater-kw.de\/\"> Continue reading <span class=\"meta-nav\">&rarr; <\/span><\/a><\/p>\n","protected":false},"author":1,"featured_media":0,"parent":0,"menu_order":0,"comment_status":"closed","ping_status":"open","template":"","meta":{"footnotes":""},"class_list":["post-18","page","type-page","status-publish","hentry"],"_links":{"self":[{"href":"https:\/\/steuerberater-kw.de\/index.php?rest_route=\/wp\/v2\/pages\/18","targetHints":{"allow":["GET"]}}],"collection":[{"href":"https:\/\/steuerberater-kw.de\/index.php?rest_route=\/wp\/v2\/pages"}],"about":[{"href":"https:\/\/steuerberater-kw.de\/index.php?rest_route=\/wp\/v2\/types\/page"}],"author":[{"embeddable":true,"href":"https:\/\/steuerberater-kw.de\/index.php?rest_route=\/wp\/v2\/users\/1"}],"replies":[{"embeddable":true,"href":"https:\/\/steuerberater-kw.de\/index.php?rest_route=%2Fwp%2Fv2%2Fcomments&post=18"}],"version-history":[{"count":2,"href":"https:\/\/steuerberater-kw.de\/index.php?rest_route=\/wp\/v2\/pages\/18\/revisions"}],"predecessor-version":[{"id":71,"href":"https:\/\/steuerberater-kw.de\/index.php?rest_route=\/wp\/v2\/pages\/18\/revisions\/71"}],"wp:attachment":[{"href":"https:\/\/steuerberater-kw.de\/index.php?rest_route=%2Fwp%2Fv2%2Fmedia&parent=18"}],"curies":[{"name":"wp","href":"https:\/\/api.w.org\/{rel}","templated":true}]}}