{"id":11,"date":"2013-01-21T16:44:24","date_gmt":"2013-01-21T14:44:24","guid":{"rendered":"http:\/\/steuerberater-kw.de\/?page_id=11"},"modified":"2025-05-14T15:51:54","modified_gmt":"2025-05-14T13:51:54","slug":"leistungen","status":"publish","type":"page","link":"https:\/\/steuerberater-kw.de\/?page_id=11","title":{"rendered":"Leistungen"},"content":{"rendered":"<p><b><span style=\"text-decoration: underline;\">Leistungen<\/span><\/b><\/p>\n<p>Steuerberatung ist mehr als die reine Anwendung des Steuerrechts. Im Mittelpunkt steht der Mandant mit seinen Interessen, Pl\u00e4nen und M\u00f6glichkeiten.<\/p>\n<p>Es gilt f\u00fcr jeden Einzelfall passgenaue L\u00f6sungen zu finden.<br \/>\nUnser Leistungsspektrum umfasst:<\/p>\n<p><b>Bereich Steuern<\/b><\/p>\n<p><b>Erstellung<\/b><\/p>\n<ul>\n<li>Pers\u00f6nliche Steuererkl\u00e4rungen<\/li>\n<li>Jahresabschl\u00fcsse und betriebliche Steuererkl\u00e4rungen aller Unternehmensformen<\/li>\n<li>Erbschafts- und Schenkungssteuererkl\u00e4rungen<\/li>\n<li>Finanz- und Lohnbuchhaltung<\/li>\n<li>Gewinnermittlung nach \u00a7 4 III EStG<\/li>\n<li>\u00dcberschussermittlung aus anderen Einkunftsarten<\/li>\n<\/ul>\n<p><b>Beratung\/Betreuung<\/b><\/p>\n<ul>\n<li>Gestaltende Steuerberatung<\/li>\n<li>Vertretung vor Finanzbeh\u00f6rden<\/li>\n<li>Landwirtschaftliche Buchstelle<\/li>\n<li>Betreuung von Betriebspr\u00fcfungen<\/li>\n<\/ul>\n<p><b>Planung<\/b><\/p>\n<ul>\n<li>Nachfolgeplanung<\/li>\n<li>Kauf, Verkauf sowie Umstrukturierung von Unternehmen<\/li>\n<li>Existenzgr\u00fcndungsberatung<\/li>\n<li>Unternehmensplanung und Businesspl\u00e4ne<\/li>\n<\/ul>\n<p>&nbsp;<\/p>\n<p><b><i>FORDERN SIE UNS!<\/i><\/b><\/p>\n<p>&nbsp;<\/p>\n","protected":false},"excerpt":{"rendered":"<p>Leistungen Steuerberatung ist mehr als die reine Anwendung des Steuerrechts. Im Mittelpunkt steht der Mandant mit seinen Interessen, Pl\u00e4nen und M\u00f6glichkeiten. Es gilt f\u00fcr jeden Einzelfall passgenaue L\u00f6sungen zu finden. Unser Leistungsspektrum umfasst: Bereich Steuern Erstellung Pers\u00f6nliche Steuererkl\u00e4rungen Jahresabschl\u00fcsse und betriebliche Steuererkl\u00e4rungen aller Unternehmensformen Erbschafts- und Schenkungssteuererkl\u00e4rungen Finanz- und Lohnbuchhaltung&#8230; <a class=\"continue-reading-link\" href=\"https:\/\/steuerberater-kw.de\/?page_id=11\"> Continue reading <span class=\"meta-nav\">&rarr; <\/span><\/a><\/p>\n","protected":false},"author":1,"featured_media":0,"parent":0,"menu_order":0,"comment_status":"closed","ping_status":"open","template":"","meta":{"footnotes":""},"class_list":["post-11","page","type-page","status-publish","hentry"],"_links":{"self":[{"href":"https:\/\/steuerberater-kw.de\/index.php?rest_route=\/wp\/v2\/pages\/11","targetHints":{"allow":["GET"]}}],"collection":[{"href":"https:\/\/steuerberater-kw.de\/index.php?rest_route=\/wp\/v2\/pages"}],"about":[{"href":"https:\/\/steuerberater-kw.de\/index.php?rest_route=\/wp\/v2\/types\/page"}],"author":[{"embeddable":true,"href":"https:\/\/steuerberater-kw.de\/index.php?rest_route=\/wp\/v2\/users\/1"}],"replies":[{"embeddable":true,"href":"https:\/\/steuerberater-kw.de\/index.php?rest_route=%2Fwp%2Fv2%2Fcomments&post=11"}],"version-history":[{"count":12,"href":"https:\/\/steuerberater-kw.de\/index.php?rest_route=\/wp\/v2\/pages\/11\/revisions"}],"predecessor-version":[{"id":70,"href":"https:\/\/steuerberater-kw.de\/index.php?rest_route=\/wp\/v2\/pages\/11\/revisions\/70"}],"wp:attachment":[{"href":"https:\/\/steuerberater-kw.de\/index.php?rest_route=%2Fwp%2Fv2%2Fmedia&parent=11"}],"curies":[{"name":"wp","href":"https:\/\/api.w.org\/{rel}","templated":true}]}}